
{"id":17134,"date":"2025-04-02T05:42:27","date_gmt":"2025-04-02T05:42:27","guid":{"rendered":"https:\/\/test.cigarsheikh.com\/product\/signature-elite-xl-gold\/"},"modified":"2025-12-05T05:38:51","modified_gmt":"2025-12-05T05:38:51","slug":"signature-elite-xl-gold","status":"publish","type":"product","link":"https:\/\/test.cigarsheikh.com\/en\/product\/signature-elite-xl-gold\/","title":{"rendered":"Signature \u00c9lite XL &#8211; Or"},"content":{"rendered":"<p>Our Elite collection is the embodiment of everything that makes Recognition craftsmanship in any environment, more than 2 kg of magical aromas in our largest signature candles to date.<\/p>\n<p>The high-quality natural wax scented candle contains a high concentration of aromas that guarantee the best aromatic experience.<\/p>\n<p>Origine Fran\u00e7aise Garantie<\/p>\n<ul>\n<li>Vegan<\/li>\n<li>All Natural<\/li>\n<li>Paraffin-free<\/li>\n<li>Non-toxic<\/li>\n<\/ul>\n<p>The high-quality natural wax scented candle contains a high concentration of aromas that guarantee the best aromatic experience.<\/p>\n<p><img decoding=\"async\" class=\"alignnone size-medium wp-image-14841\" src=\"https:\/\/test.cigarsheikh.com\/wp-content\/uploads\/2024\/11\/favourite-img.png\" alt=\"\" width=\"70%\" height=\"auto\"><\/p>","protected":false},"excerpt":{"rendered":"<p>Notre collection \u00c9lite est l&#8217;incarnation de tout ce qui fait le savoir-faire Reconnaissable dans n&#8217;importe quel environnement, plus de 2 kg d&#8217;ar\u00f4mes magiques dans nos plus grandes bougies signature \u00e0 ce jour. La bougie parfum\u00e9e en cire naturelle de haute qualit\u00e9 contient une forte concentration d\u2019ar\u00f4mes qui garantissent la meilleure exp\u00e9rience aromatique. Origine Fran\u00e7aise Garantie [&hellip;]<\/p>\n","protected":false},"featured_media":16720,"template":"","meta":{"_uf_show_specific_survey":0,"_uf_disable_surveys":false,"iawp_total_views":5},"product_cat":[344],"product_tag":[],"class_list":{"0":"post-17134","1":"product","2":"type-product","3":"status-publish","4":"has-post-thumbnail","6":"product_cat-collection-elite","8":"first","9":"instock","10":"shipping-taxable","11":"purchasable","12":"product-type-variable"},"aioseo_notices":[],"jetpack_sharing_enabled":true,"_links":{"self":[{"href":"https:\/\/test.cigarsheikh.com\/en\/wp-json\/wp\/v2\/product\/17134","targetHints":{"allow":["GET"]}}],"collection":[{"href":"https:\/\/test.cigarsheikh.com\/en\/wp-json\/wp\/v2\/product"}],"about":[{"href":"https:\/\/test.cigarsheikh.com\/en\/wp-json\/wp\/v2\/types\/product"}],"wp:featuredmedia":[{"embeddable":true,"href":"https:\/\/test.cigarsheikh.com\/en\/wp-json\/wp\/v2\/media\/16720"}],"wp:attachment":[{"href":"https:\/\/test.cigarsheikh.com\/en\/wp-json\/wp\/v2\/media?parent=17134"}],"wp:term":[{"taxonomy":"product_cat","embeddable":true,"href":"https:\/\/test.cigarsheikh.com\/en\/wp-json\/wp\/v2\/product_cat?post=17134"},{"taxonomy":"product_tag","embeddable":true,"href":"https:\/\/test.cigarsheikh.com\/en\/wp-json\/wp\/v2\/product_tag?post=17134"}],"curies":[{"name":"wp","href":"https:\/\/api.w.org\/{rel}","templated":true}]}}