
{"id":17002,"date":"2025-03-15T09:50:50","date_gmt":"2025-03-15T09:50:50","guid":{"rendered":"https:\/\/test.cigarsheikh.com\/product\/signature-elite-gold\/"},"modified":"2025-12-05T05:24:22","modified_gmt":"2025-12-05T05:24:22","slug":"signature-elite-gold","status":"publish","type":"product","link":"https:\/\/test.cigarsheikh.com\/en\/product\/signature-elite-gold\/","title":{"rendered":"Signature \u00c9lite &#8211; Or"},"content":{"rendered":"<p>Our Signature Gold collection embodies all that constitutes expertise. Instantly recognizable in any setting, it offers over 1.4 kg of magical aromas within our range of large candles.<\/p>\n<p>The high-quality natural wax scented candle contains a high concentration of aromas that guarantee the best aromatic experience.<\/p>\n<p>Guaranteed French origin<\/p>\n<p>The high-quality natural wax scented candle contains a high concentration of aromas that guarantee the best aromatic experience.<\/p>\n<p><img decoding=\"async\" class=\"alignnone size-medium wp-image-14841\" src=\"https:\/\/test.cigarsheikh.com\/wp-content\/uploads\/2024\/11\/favourite-img.png\" alt=\"\" width=\"70%\" height=\"auto\"><\/p>","protected":false},"excerpt":{"rendered":"<p>Notre collection Signature Gold est l&#8217;incarnation de tout ce qui fait le savoir-faire. Reconnaissable dans n&#8217;importe quel environnement, plus de 1,4 kg d&#8217;ar\u00f4mes magiques parmi notre gamme de grandes bougies. La bougie parfum\u00e9e en cire naturelle de haute qualit\u00e9 contient une forte concentration d\u2019ar\u00f4mes qui garantissent la meilleure exp\u00e9rience aromatique. Origine fran\u00e7aise garantie La bougie [&hellip;]<\/p>\n","protected":false},"featured_media":16723,"template":"","meta":{"_uf_show_specific_survey":0,"_uf_disable_surveys":false,"iawp_total_views":6},"product_cat":[344],"product_tag":[],"class_list":{"0":"post-17002","1":"product","2":"type-product","3":"status-publish","4":"has-post-thumbnail","6":"product_cat-collection-elite","8":"first","9":"instock","10":"shipping-taxable","11":"purchasable","12":"product-type-variable"},"aioseo_notices":[],"jetpack_sharing_enabled":true,"_links":{"self":[{"href":"https:\/\/test.cigarsheikh.com\/en\/wp-json\/wp\/v2\/product\/17002","targetHints":{"allow":["GET"]}}],"collection":[{"href":"https:\/\/test.cigarsheikh.com\/en\/wp-json\/wp\/v2\/product"}],"about":[{"href":"https:\/\/test.cigarsheikh.com\/en\/wp-json\/wp\/v2\/types\/product"}],"wp:featuredmedia":[{"embeddable":true,"href":"https:\/\/test.cigarsheikh.com\/en\/wp-json\/wp\/v2\/media\/16723"}],"wp:attachment":[{"href":"https:\/\/test.cigarsheikh.com\/en\/wp-json\/wp\/v2\/media?parent=17002"}],"wp:term":[{"taxonomy":"product_cat","embeddable":true,"href":"https:\/\/test.cigarsheikh.com\/en\/wp-json\/wp\/v2\/product_cat?post=17002"},{"taxonomy":"product_tag","embeddable":true,"href":"https:\/\/test.cigarsheikh.com\/en\/wp-json\/wp\/v2\/product_tag?post=17002"}],"curies":[{"name":"wp","href":"https:\/\/api.w.org\/{rel}","templated":true}]}}